{"id":33,"date":"2011-04-23T23:14:24","date_gmt":"2011-04-23T23:14:24","guid":{"rendered":"http:\/\/www.aklink.de\/wpak\/?page_id=33"},"modified":"2012-07-23T21:21:26","modified_gmt":"2012-07-23T21:21:26","slug":"einzelberatung","status":"publish","type":"page","link":"https:\/\/www.aklink.de\/wpak\/systemische-beratung\/einzelberatung\/","title":{"rendered":"Einzelberatung"},"content":{"rendered":"<p>Im Verlauf eines menschlichen Lebens gibt es immer wieder Phasen, in denen wir uns den Rat und den Beistand eines anderen Menschen w\u00fcnschen. Freunde und Bekannte unterst\u00fctzen uns bei den vielen Fragen im Alltag. Und dann gibt es Zeiten, in denen wir uns mit grunds\u00e4tzlicheren Fragen auseinandersetzen &#8211; mit Zweifeln, \u00c4ngsten und Fragen nach dem Sinn.<\/p>\n<p>Haben Sie noch Visionen und Ziele? Haben Sie bislang nicht das erreicht, wozu Sie sich f\u00e4hig f\u00fchlen? Haben Sie etwas, das Sie schon lange vorhatten, noch nicht unternommen?<\/p>\n<p>Als Diplom-Psychologe und Systemischer Therapeut und Berater biete ich Ihnen professionelle Unterst\u00fctzung in Ihrem beruflichen und pers\u00f6nlichen Alltag und ber\u00fccksichtige Ihre individuellen W\u00fcnsche und Bed\u00fcrfnisse.<\/p>\n","protected":false},"excerpt":{"rendered":"<p>Im Verlauf eines menschlichen Lebens gibt es immer wieder Phasen, in denen wir uns den Rat und den Beistand eines anderen Menschen w\u00fcnschen. Freunde und Bekannte unterst\u00fctzen uns bei den vielen Fragen im Alltag. Und dann gibt es Zeiten, in denen wir uns mit grunds\u00e4tzlicheren Fragen auseinandersetzen &#8211; mit Zweifeln, \u00c4ngsten und Fragen nach dem Sinn. Haben Sie noch Visionen<\/p>\n","protected":false},"author":1,"featured_media":0,"parent":28,"menu_order":1,"comment_status":"closed","ping_status":"open","template":"","meta":{"footnotes":""},"class_list":["post-33","page","type-page","status-publish","hentry"],"yoast_head":"<!-- This site is optimized with the Yoast SEO plugin v26.4 - https:\/\/yoast.com\/wordpress\/plugins\/seo\/ -->\n<title>Einzelberatung | Andreas Klink<\/title>\n<meta name=\"robots\" content=\"index, follow, max-snippet:-1, max-image-preview:large, max-video-preview:-1\" \/>\n<link rel=\"canonical\" href=\"http:\/\/www.aklink.de\/wpak\/systemische-beratung\/einzelberatung\/\" \/>\n<meta property=\"og:locale\" content=\"de_DE\" \/>\n<meta property=\"og:type\" content=\"article\" \/>\n<meta property=\"og:title\" content=\"Einzelberatung | Andreas Klink\" \/>\n<meta property=\"og:description\" content=\"Im Verlauf eines menschlichen Lebens gibt es immer wieder Phasen, in denen wir uns den Rat und den Beistand eines anderen Menschen w\u00fcnschen. Freunde und Bekannte unterst\u00fctzen uns bei den vielen Fragen im Alltag. Und dann gibt es Zeiten, in denen wir uns mit grunds\u00e4tzlicheren Fragen auseinandersetzen &#8211; mit Zweifeln, \u00c4ngsten und Fragen nach dem Sinn. Haben Sie noch Visionen\" \/>\n<meta property=\"og:url\" content=\"http:\/\/www.aklink.de\/wpak\/systemische-beratung\/einzelberatung\/\" \/>\n<meta property=\"og:site_name\" content=\"Andreas Klink\" \/>\n<meta property=\"article:modified_time\" content=\"2012-07-23T21:21:26+00:00\" \/>\n<meta name=\"twitter:card\" content=\"summary_large_image\" \/>\n<meta name=\"twitter:label1\" content=\"Gesch\u00e4tzte Lesezeit\" \/>\n\t<meta name=\"twitter:data1\" content=\"1\u00a0Minute\" \/>\n<script type=\"application\/ld+json\" class=\"yoast-schema-graph\">{\"@context\":\"https:\/\/schema.org\",\"@graph\":[{\"@type\":\"WebPage\",\"@id\":\"http:\/\/www.aklink.de\/wpak\/systemische-beratung\/einzelberatung\/\",\"url\":\"http:\/\/www.aklink.de\/wpak\/systemische-beratung\/einzelberatung\/\",\"name\":\"Einzelberatung | Andreas Klink\",\"isPartOf\":{\"@id\":\"http:\/\/www.aklink.de\/wpak\/#website\"},\"datePublished\":\"2011-04-23T23:14:24+00:00\",\"dateModified\":\"2012-07-23T21:21:26+00:00\",\"breadcrumb\":{\"@id\":\"http:\/\/www.aklink.de\/wpak\/systemische-beratung\/einzelberatung\/#breadcrumb\"},\"inLanguage\":\"de\",\"potentialAction\":[{\"@type\":\"ReadAction\",\"target\":[\"http:\/\/www.aklink.de\/wpak\/systemische-beratung\/einzelberatung\/\"]}]},{\"@type\":\"BreadcrumbList\",\"@id\":\"http:\/\/www.aklink.de\/wpak\/systemische-beratung\/einzelberatung\/#breadcrumb\",\"itemListElement\":[{\"@type\":\"ListItem\",\"position\":1,\"name\":\"Startseite\",\"item\":\"http:\/\/www.aklink.de\/wpak\/\"},{\"@type\":\"ListItem\",\"position\":2,\"name\":\"Therapie und Beratung\",\"item\":\"http:\/\/www.aklink.de\/wpak\/systemische-beratung\/\"},{\"@type\":\"ListItem\",\"position\":3,\"name\":\"Einzelberatung\"}]},{\"@type\":\"WebSite\",\"@id\":\"http:\/\/www.aklink.de\/wpak\/#website\",\"url\":\"http:\/\/www.aklink.de\/wpak\/\",\"name\":\"Andreas Klink\",\"description\":\"\",\"publisher\":{\"@id\":\"http:\/\/www.aklink.de\/wpak\/#\/schema\/person\/56e12f2c209b4947bd310bde790c9815\"},\"potentialAction\":[{\"@type\":\"SearchAction\",\"target\":{\"@type\":\"EntryPoint\",\"urlTemplate\":\"http:\/\/www.aklink.de\/wpak\/?s={search_term_string}\"},\"query-input\":{\"@type\":\"PropertyValueSpecification\",\"valueRequired\":true,\"valueName\":\"search_term_string\"}}],\"inLanguage\":\"de\"},{\"@type\":[\"Person\",\"Organization\"],\"@id\":\"http:\/\/www.aklink.de\/wpak\/#\/schema\/person\/56e12f2c209b4947bd310bde790c9815\",\"name\":\"ak\",\"logo\":{\"@id\":\"http:\/\/www.aklink.de\/wpak\/#\/schema\/person\/image\/\"},\"sameAs\":[\"http:\/\/www.aklink.de\"]}]}<\/script>\n<!-- \/ Yoast SEO plugin. -->","yoast_head_json":{"title":"Einzelberatung | Andreas Klink","robots":{"index":"index","follow":"follow","max-snippet":"max-snippet:-1","max-image-preview":"max-image-preview:large","max-video-preview":"max-video-preview:-1"},"canonical":"http:\/\/www.aklink.de\/wpak\/systemische-beratung\/einzelberatung\/","og_locale":"de_DE","og_type":"article","og_title":"Einzelberatung | Andreas Klink","og_description":"Im Verlauf eines menschlichen Lebens gibt es immer wieder Phasen, in denen wir uns den Rat und den Beistand eines anderen Menschen w\u00fcnschen. Freunde und Bekannte unterst\u00fctzen uns bei den vielen Fragen im Alltag. Und dann gibt es Zeiten, in denen wir uns mit grunds\u00e4tzlicheren Fragen auseinandersetzen &#8211; mit Zweifeln, \u00c4ngsten und Fragen nach dem Sinn. Haben Sie noch Visionen","og_url":"http:\/\/www.aklink.de\/wpak\/systemische-beratung\/einzelberatung\/","og_site_name":"Andreas Klink","article_modified_time":"2012-07-23T21:21:26+00:00","twitter_card":"summary_large_image","twitter_misc":{"Gesch\u00e4tzte Lesezeit":"1\u00a0Minute"},"schema":{"@context":"https:\/\/schema.org","@graph":[{"@type":"WebPage","@id":"http:\/\/www.aklink.de\/wpak\/systemische-beratung\/einzelberatung\/","url":"http:\/\/www.aklink.de\/wpak\/systemische-beratung\/einzelberatung\/","name":"Einzelberatung | Andreas Klink","isPartOf":{"@id":"http:\/\/www.aklink.de\/wpak\/#website"},"datePublished":"2011-04-23T23:14:24+00:00","dateModified":"2012-07-23T21:21:26+00:00","breadcrumb":{"@id":"http:\/\/www.aklink.de\/wpak\/systemische-beratung\/einzelberatung\/#breadcrumb"},"inLanguage":"de","potentialAction":[{"@type":"ReadAction","target":["http:\/\/www.aklink.de\/wpak\/systemische-beratung\/einzelberatung\/"]}]},{"@type":"BreadcrumbList","@id":"http:\/\/www.aklink.de\/wpak\/systemische-beratung\/einzelberatung\/#breadcrumb","itemListElement":[{"@type":"ListItem","position":1,"name":"Startseite","item":"http:\/\/www.aklink.de\/wpak\/"},{"@type":"ListItem","position":2,"name":"Therapie und Beratung","item":"http:\/\/www.aklink.de\/wpak\/systemische-beratung\/"},{"@type":"ListItem","position":3,"name":"Einzelberatung"}]},{"@type":"WebSite","@id":"http:\/\/www.aklink.de\/wpak\/#website","url":"http:\/\/www.aklink.de\/wpak\/","name":"Andreas Klink","description":"","publisher":{"@id":"http:\/\/www.aklink.de\/wpak\/#\/schema\/person\/56e12f2c209b4947bd310bde790c9815"},"potentialAction":[{"@type":"SearchAction","target":{"@type":"EntryPoint","urlTemplate":"http:\/\/www.aklink.de\/wpak\/?s={search_term_string}"},"query-input":{"@type":"PropertyValueSpecification","valueRequired":true,"valueName":"search_term_string"}}],"inLanguage":"de"},{"@type":["Person","Organization"],"@id":"http:\/\/www.aklink.de\/wpak\/#\/schema\/person\/56e12f2c209b4947bd310bde790c9815","name":"ak","logo":{"@id":"http:\/\/www.aklink.de\/wpak\/#\/schema\/person\/image\/"},"sameAs":["http:\/\/www.aklink.de"]}]}},"_links":{"self":[{"href":"https:\/\/www.aklink.de\/wpak\/wp-json\/wp\/v2\/pages\/33","targetHints":{"allow":["GET"]}}],"collection":[{"href":"https:\/\/www.aklink.de\/wpak\/wp-json\/wp\/v2\/pages"}],"about":[{"href":"https:\/\/www.aklink.de\/wpak\/wp-json\/wp\/v2\/types\/page"}],"author":[{"embeddable":true,"href":"https:\/\/www.aklink.de\/wpak\/wp-json\/wp\/v2\/users\/1"}],"replies":[{"embeddable":true,"href":"https:\/\/www.aklink.de\/wpak\/wp-json\/wp\/v2\/comments?post=33"}],"version-history":[{"count":4,"href":"https:\/\/www.aklink.de\/wpak\/wp-json\/wp\/v2\/pages\/33\/revisions"}],"predecessor-version":[{"id":383,"href":"https:\/\/www.aklink.de\/wpak\/wp-json\/wp\/v2\/pages\/33\/revisions\/383"}],"up":[{"embeddable":true,"href":"https:\/\/www.aklink.de\/wpak\/wp-json\/wp\/v2\/pages\/28"}],"wp:attachment":[{"href":"https:\/\/www.aklink.de\/wpak\/wp-json\/wp\/v2\/media?parent=33"}],"curies":[{"name":"wp","href":"https:\/\/api.w.org\/{rel}","templated":true}]}}