{"id":39,"date":"2011-04-23T23:17:12","date_gmt":"2011-04-23T23:17:12","guid":{"rendered":"http:\/\/www.aklink.de\/wpak\/?page_id=39"},"modified":"2012-07-23T21:24:08","modified_gmt":"2012-07-23T21:24:08","slug":"familienberatung","status":"publish","type":"page","link":"https:\/\/www.aklink.de\/wpak\/systemische-beratung\/familienberatung\/","title":{"rendered":"Familienberatung"},"content":{"rendered":"<p>Familien sind in der heutigen Zeit vielf\u00e4ltigen Einfl\u00fcssen und Anforderungen ausgesetzt. Zusammengesetzte (&#8222;Patchwork&#8220;) Familien sind eher die Regel als die Ausnahme. Anforderungen an die einzelnen Familienmitglieder ver\u00e4ndern sich, Grenzen zwischen Eltern und Kindern k\u00f6nnen verwischen, statt\u00a0 Zuversicht und das Gef\u00fchl einer sicheren Bindung k\u00f6nnen Zweifel und \u00c4ngste \u00dcberhand nehmen. Dabei ist es nicht immer leicht, einen \u00dcberblick \u00fcber die Bed\u00fcrfnisse, Sorgen und N\u00f6te aller Familienmitglieder zu behalten. Manche Eltern f\u00fchlen sich mit der Erziehung ihrer Kinder \u00fcberfordert, manche Kinder f\u00fchlen sich von ihren Eltern im Stich gelassen.<\/p>\n<p>Als Diplom-Psychologe und Systemischer Therapeut und Berater biete ich Ihnen professionelle Unterst\u00fctzung bei der Bew\u00e4ltigung von kleinen und gro\u00dfen Familienkrisen. Ich achte die W\u00fcnsche und Bed\u00fcrfnisse aller Familienmitglieder &#8211; sowohl jene nach Gemeinsamkeit und Harmonie als auch solche nach Selbst\u00e4ndigkeit und Autonomie.<\/p>\n<p>&nbsp;<\/p>\n","protected":false},"excerpt":{"rendered":"<p>Familien sind in der heutigen Zeit vielf\u00e4ltigen Einfl\u00fcssen und Anforderungen ausgesetzt. Zusammengesetzte (&#8222;Patchwork&#8220;) Familien sind eher die Regel als die Ausnahme. Anforderungen an die einzelnen Familienmitglieder ver\u00e4ndern sich, Grenzen zwischen Eltern und Kindern k\u00f6nnen verwischen, statt\u00a0 Zuversicht und das Gef\u00fchl einer sicheren Bindung k\u00f6nnen Zweifel und \u00c4ngste \u00dcberhand nehmen. Dabei ist es nicht immer leicht, einen \u00dcberblick \u00fcber die Bed\u00fcrfnisse,<\/p>\n","protected":false},"author":1,"featured_media":0,"parent":28,"menu_order":3,"comment_status":"closed","ping_status":"open","template":"","meta":{"footnotes":""},"class_list":["post-39","page","type-page","status-publish","hentry"],"yoast_head":"<!-- This site is optimized with the Yoast SEO plugin v26.4 - https:\/\/yoast.com\/wordpress\/plugins\/seo\/ -->\n<title>Familienberatung | Andreas Klink<\/title>\n<meta name=\"robots\" content=\"index, follow, max-snippet:-1, max-image-preview:large, max-video-preview:-1\" \/>\n<link rel=\"canonical\" href=\"http:\/\/www.aklink.de\/wpak\/systemische-beratung\/familienberatung\/\" \/>\n<meta property=\"og:locale\" content=\"de_DE\" \/>\n<meta property=\"og:type\" content=\"article\" \/>\n<meta property=\"og:title\" content=\"Familienberatung | Andreas Klink\" \/>\n<meta property=\"og:description\" content=\"Familien sind in der heutigen Zeit vielf\u00e4ltigen Einfl\u00fcssen und Anforderungen ausgesetzt. Zusammengesetzte (&#8222;Patchwork&#8220;) Familien sind eher die Regel als die Ausnahme. Anforderungen an die einzelnen Familienmitglieder ver\u00e4ndern sich, Grenzen zwischen Eltern und Kindern k\u00f6nnen verwischen, statt\u00a0 Zuversicht und das Gef\u00fchl einer sicheren Bindung k\u00f6nnen Zweifel und \u00c4ngste \u00dcberhand nehmen. Dabei ist es nicht immer leicht, einen \u00dcberblick \u00fcber die Bed\u00fcrfnisse,\" \/>\n<meta property=\"og:url\" content=\"http:\/\/www.aklink.de\/wpak\/systemische-beratung\/familienberatung\/\" \/>\n<meta property=\"og:site_name\" content=\"Andreas Klink\" \/>\n<meta property=\"article:modified_time\" content=\"2012-07-23T21:24:08+00:00\" \/>\n<meta name=\"twitter:card\" content=\"summary_large_image\" \/>\n<meta name=\"twitter:label1\" content=\"Gesch\u00e4tzte Lesezeit\" \/>\n\t<meta name=\"twitter:data1\" content=\"1\u00a0Minute\" \/>\n<script type=\"application\/ld+json\" class=\"yoast-schema-graph\">{\"@context\":\"https:\/\/schema.org\",\"@graph\":[{\"@type\":\"WebPage\",\"@id\":\"http:\/\/www.aklink.de\/wpak\/systemische-beratung\/familienberatung\/\",\"url\":\"http:\/\/www.aklink.de\/wpak\/systemische-beratung\/familienberatung\/\",\"name\":\"Familienberatung | Andreas Klink\",\"isPartOf\":{\"@id\":\"http:\/\/www.aklink.de\/wpak\/#website\"},\"datePublished\":\"2011-04-23T23:17:12+00:00\",\"dateModified\":\"2012-07-23T21:24:08+00:00\",\"breadcrumb\":{\"@id\":\"http:\/\/www.aklink.de\/wpak\/systemische-beratung\/familienberatung\/#breadcrumb\"},\"inLanguage\":\"de\",\"potentialAction\":[{\"@type\":\"ReadAction\",\"target\":[\"http:\/\/www.aklink.de\/wpak\/systemische-beratung\/familienberatung\/\"]}]},{\"@type\":\"BreadcrumbList\",\"@id\":\"http:\/\/www.aklink.de\/wpak\/systemische-beratung\/familienberatung\/#breadcrumb\",\"itemListElement\":[{\"@type\":\"ListItem\",\"position\":1,\"name\":\"Startseite\",\"item\":\"http:\/\/www.aklink.de\/wpak\/\"},{\"@type\":\"ListItem\",\"position\":2,\"name\":\"Therapie und Beratung\",\"item\":\"http:\/\/www.aklink.de\/wpak\/systemische-beratung\/\"},{\"@type\":\"ListItem\",\"position\":3,\"name\":\"Familienberatung\"}]},{\"@type\":\"WebSite\",\"@id\":\"http:\/\/www.aklink.de\/wpak\/#website\",\"url\":\"http:\/\/www.aklink.de\/wpak\/\",\"name\":\"Andreas Klink\",\"description\":\"\",\"publisher\":{\"@id\":\"http:\/\/www.aklink.de\/wpak\/#\/schema\/person\/56e12f2c209b4947bd310bde790c9815\"},\"potentialAction\":[{\"@type\":\"SearchAction\",\"target\":{\"@type\":\"EntryPoint\",\"urlTemplate\":\"http:\/\/www.aklink.de\/wpak\/?s={search_term_string}\"},\"query-input\":{\"@type\":\"PropertyValueSpecification\",\"valueRequired\":true,\"valueName\":\"search_term_string\"}}],\"inLanguage\":\"de\"},{\"@type\":[\"Person\",\"Organization\"],\"@id\":\"http:\/\/www.aklink.de\/wpak\/#\/schema\/person\/56e12f2c209b4947bd310bde790c9815\",\"name\":\"ak\",\"logo\":{\"@id\":\"http:\/\/www.aklink.de\/wpak\/#\/schema\/person\/image\/\"},\"sameAs\":[\"http:\/\/www.aklink.de\"]}]}<\/script>\n<!-- \/ Yoast SEO plugin. -->","yoast_head_json":{"title":"Familienberatung | Andreas Klink","robots":{"index":"index","follow":"follow","max-snippet":"max-snippet:-1","max-image-preview":"max-image-preview:large","max-video-preview":"max-video-preview:-1"},"canonical":"http:\/\/www.aklink.de\/wpak\/systemische-beratung\/familienberatung\/","og_locale":"de_DE","og_type":"article","og_title":"Familienberatung | Andreas Klink","og_description":"Familien sind in der heutigen Zeit vielf\u00e4ltigen Einfl\u00fcssen und Anforderungen ausgesetzt. Zusammengesetzte (&#8222;Patchwork&#8220;) Familien sind eher die Regel als die Ausnahme. Anforderungen an die einzelnen Familienmitglieder ver\u00e4ndern sich, Grenzen zwischen Eltern und Kindern k\u00f6nnen verwischen, statt\u00a0 Zuversicht und das Gef\u00fchl einer sicheren Bindung k\u00f6nnen Zweifel und \u00c4ngste \u00dcberhand nehmen. Dabei ist es nicht immer leicht, einen \u00dcberblick \u00fcber die Bed\u00fcrfnisse,","og_url":"http:\/\/www.aklink.de\/wpak\/systemische-beratung\/familienberatung\/","og_site_name":"Andreas Klink","article_modified_time":"2012-07-23T21:24:08+00:00","twitter_card":"summary_large_image","twitter_misc":{"Gesch\u00e4tzte Lesezeit":"1\u00a0Minute"},"schema":{"@context":"https:\/\/schema.org","@graph":[{"@type":"WebPage","@id":"http:\/\/www.aklink.de\/wpak\/systemische-beratung\/familienberatung\/","url":"http:\/\/www.aklink.de\/wpak\/systemische-beratung\/familienberatung\/","name":"Familienberatung | Andreas Klink","isPartOf":{"@id":"http:\/\/www.aklink.de\/wpak\/#website"},"datePublished":"2011-04-23T23:17:12+00:00","dateModified":"2012-07-23T21:24:08+00:00","breadcrumb":{"@id":"http:\/\/www.aklink.de\/wpak\/systemische-beratung\/familienberatung\/#breadcrumb"},"inLanguage":"de","potentialAction":[{"@type":"ReadAction","target":["http:\/\/www.aklink.de\/wpak\/systemische-beratung\/familienberatung\/"]}]},{"@type":"BreadcrumbList","@id":"http:\/\/www.aklink.de\/wpak\/systemische-beratung\/familienberatung\/#breadcrumb","itemListElement":[{"@type":"ListItem","position":1,"name":"Startseite","item":"http:\/\/www.aklink.de\/wpak\/"},{"@type":"ListItem","position":2,"name":"Therapie und Beratung","item":"http:\/\/www.aklink.de\/wpak\/systemische-beratung\/"},{"@type":"ListItem","position":3,"name":"Familienberatung"}]},{"@type":"WebSite","@id":"http:\/\/www.aklink.de\/wpak\/#website","url":"http:\/\/www.aklink.de\/wpak\/","name":"Andreas Klink","description":"","publisher":{"@id":"http:\/\/www.aklink.de\/wpak\/#\/schema\/person\/56e12f2c209b4947bd310bde790c9815"},"potentialAction":[{"@type":"SearchAction","target":{"@type":"EntryPoint","urlTemplate":"http:\/\/www.aklink.de\/wpak\/?s={search_term_string}"},"query-input":{"@type":"PropertyValueSpecification","valueRequired":true,"valueName":"search_term_string"}}],"inLanguage":"de"},{"@type":["Person","Organization"],"@id":"http:\/\/www.aklink.de\/wpak\/#\/schema\/person\/56e12f2c209b4947bd310bde790c9815","name":"ak","logo":{"@id":"http:\/\/www.aklink.de\/wpak\/#\/schema\/person\/image\/"},"sameAs":["http:\/\/www.aklink.de"]}]}},"_links":{"self":[{"href":"https:\/\/www.aklink.de\/wpak\/wp-json\/wp\/v2\/pages\/39","targetHints":{"allow":["GET"]}}],"collection":[{"href":"https:\/\/www.aklink.de\/wpak\/wp-json\/wp\/v2\/pages"}],"about":[{"href":"https:\/\/www.aklink.de\/wpak\/wp-json\/wp\/v2\/types\/page"}],"author":[{"embeddable":true,"href":"https:\/\/www.aklink.de\/wpak\/wp-json\/wp\/v2\/users\/1"}],"replies":[{"embeddable":true,"href":"https:\/\/www.aklink.de\/wpak\/wp-json\/wp\/v2\/comments?post=39"}],"version-history":[{"count":24,"href":"https:\/\/www.aklink.de\/wpak\/wp-json\/wp\/v2\/pages\/39\/revisions"}],"predecessor-version":[{"id":385,"href":"https:\/\/www.aklink.de\/wpak\/wp-json\/wp\/v2\/pages\/39\/revisions\/385"}],"up":[{"embeddable":true,"href":"https:\/\/www.aklink.de\/wpak\/wp-json\/wp\/v2\/pages\/28"}],"wp:attachment":[{"href":"https:\/\/www.aklink.de\/wpak\/wp-json\/wp\/v2\/media?parent=39"}],"curies":[{"name":"wp","href":"https:\/\/api.w.org\/{rel}","templated":true}]}}