{"id":58,"date":"2011-04-23T23:29:43","date_gmt":"2011-04-23T23:29:43","guid":{"rendered":"http:\/\/www.aklink.de\/wpak\/?page_id=58"},"modified":"2023-07-02T20:29:23","modified_gmt":"2023-07-02T18:29:23","slug":"impressum","status":"publish","type":"page","link":"https:\/\/www.aklink.de\/wpak\/impressum\/","title":{"rendered":"Impressum"},"content":{"rendered":"<p>Dr. Andreas Klink<br \/>\nBuschstr. 31a<br \/>\n45276 Essen<br \/>\nTel.: 0201-5147860<br \/>\nFax: 0201-54502992<\/p>\n<p>homepage: www.andreasklink.de<br \/>\nemail: andreas.klink@t-online.de<br \/>\n&#8212;&#8212;&#8212;&#8212;&#8212;&#8212;&#8212;&#8212;&#8212;&#8212;&#8212;&#8212;&#8212;&#8212;&#8212;&#8212;&#8212;&#8212;&#8212;&#8212;&#8212;&#8212;&#8212;&#8212;&#8212;&#8212;&#8211;<br \/>\nInhaltlich Verantwortlicher gem\u00e4\u00df \u00a7 10 Absatz 3 MDStV:<br \/>\nDr. Andreas Klink (Anschrift wie oben)<\/p>\n<p>Haftungshinweis:<br \/>\nTrotz sorgf\u00e4ltiger inhaltlicher Kontrolle \u00fcbernehmen wir keine Haftung f\u00fcr die Inhalte externer Links. F\u00fcr den Inhalt der verlinkten Seiten sind ausschlie\u00dflich deren Betreiber verantwortlich.<br \/>\n&#8212;&#8212;&#8212;&#8212;&#8212;&#8212;&#8212;&#8212;&#8212;&#8212;&#8212;&#8212;&#8212;&#8212;&#8212;&#8212;&#8212;&#8212;&#8212;&#8212;&#8212;&#8212;&#8212;&#8212;&#8212;&#8212;&#8211;<br \/>\n\u00a9 2001 &#8211; 2023 A. Klink<br \/>\nAlle Texte, Grafiken und Fotografien unterliegen dem Urheberrecht und d\u00fcrfen nur mit ausdr\u00fccklicher Genehmigung anderweitig verwendet werden.<\/p>\n<p>Verantwortlich f\u00fcr Form und Inhalt:<br \/>\nDr. Andreas Klink\u00b7 45276 Essen \u00b7 (Anschrift wie oben)<\/p>\n<p>&#8212;&#8212;&#8212;&#8212;&#8212;&#8212;&#8212;&#8212;&#8212;&#8212;&#8212;&#8212;&#8212;&#8212;&#8212;&#8212;&#8212;&#8212;&#8212;&#8212;&#8212;&#8212;&#8212;&#8212;&#8212;&#8212;&#8211;<br \/>\nHinweis<br \/>\nNach einem Urteil des Landgerichts Hamburg (vom 12.05.98) k\u00f6nnen wir uns einer Mitverantwortung f\u00fcr die Inhalte einer Internet-Seite, auf die wir einen Link gesetzt haben, nur dadurch entziehen, dass wir uns explizit von diesen Inhalten distanzieren. Also erkl\u00e4ren wir ausdr\u00fccklich, dass wir keinerlei Einfluss auf die Gestaltung und Inhalte der Seiten hat, auf die wir Links gesetzt haben. Deshalb distanzieren wir uns hiermit ausdr\u00fccklich von den Inhalten aller Seiten, auf die wir einen Link gesetzt haben. Diese Erkl\u00e4rung gilt f\u00fcr alle auf der Internetpr\u00e4senz www.akani.de (inklusiver aller Unterseiten) ver\u00f6ffentlichten Links und Banner und f\u00fcr alle Inhalte der Seiten, zu denen Links oder Banner f\u00fchren.<\/p>\n","protected":false},"excerpt":{"rendered":"<p>Dr. Andreas Klink Buschstr. 31a 45276 Essen Tel.: 0201-5147860 Fax: 0201-54502992 homepage: www.andreasklink.de email: andreas.klink@t-online.de &#8212;&#8212;&#8212;&#8212;&#8212;&#8212;&#8212;&#8212;&#8212;&#8212;&#8212;&#8212;&#8212;&#8212;&#8212;&#8212;&#8212;&#8212;&#8212;&#8212;&#8212;&#8212;&#8212;&#8212;&#8212;&#8212;&#8211; Inhaltlich Verantwortlicher gem\u00e4\u00df \u00a7 10 Absatz 3 MDStV: Dr. Andreas Klink (Anschrift wie oben) Haftungshinweis: Trotz sorgf\u00e4ltiger inhaltlicher Kontrolle \u00fcbernehmen wir keine Haftung f\u00fcr die Inhalte externer Links. F\u00fcr den Inhalt der verlinkten Seiten sind ausschlie\u00dflich deren Betreiber verantwortlich. &#8212;&#8212;&#8212;&#8212;&#8212;&#8212;&#8212;&#8212;&#8212;&#8212;&#8212;&#8212;&#8212;&#8212;&#8212;&#8212;&#8212;&#8212;&#8212;&#8212;&#8212;&#8212;&#8212;&#8212;&#8212;&#8212;&#8211; \u00a9 2001 &#8211; 2023<\/p>\n","protected":false},"author":1,"featured_media":0,"parent":0,"menu_order":11,"comment_status":"closed","ping_status":"open","template":"","meta":{"footnotes":""},"class_list":["post-58","page","type-page","status-publish","hentry"],"yoast_head":"<!-- This site is optimized with the Yoast SEO plugin v26.4 - https:\/\/yoast.com\/wordpress\/plugins\/seo\/ -->\n<title>Impressum | Andreas Klink<\/title>\n<meta name=\"robots\" content=\"index, follow, max-snippet:-1, max-image-preview:large, max-video-preview:-1\" \/>\n<link rel=\"canonical\" href=\"https:\/\/www.aklink.de\/wpak\/impressum\/\" \/>\n<meta property=\"og:locale\" content=\"de_DE\" \/>\n<meta property=\"og:type\" content=\"article\" \/>\n<meta property=\"og:title\" content=\"Impressum | Andreas Klink\" \/>\n<meta property=\"og:description\" content=\"Dr. Andreas Klink Buschstr. 31a 45276 Essen Tel.: 0201-5147860 Fax: 0201-54502992 homepage: www.andreasklink.de email: andreas.klink@t-online.de &#8212;&#8212;&#8212;&#8212;&#8212;&#8212;&#8212;&#8212;&#8212;&#8212;&#8212;&#8212;&#8212;&#8212;&#8212;&#8212;&#8212;&#8212;&#8212;&#8212;&#8212;&#8212;&#8212;&#8212;&#8212;&#8212;&#8211; Inhaltlich Verantwortlicher gem\u00e4\u00df \u00a7 10 Absatz 3 MDStV: Dr. Andreas Klink (Anschrift wie oben) Haftungshinweis: Trotz sorgf\u00e4ltiger inhaltlicher Kontrolle \u00fcbernehmen wir keine Haftung f\u00fcr die Inhalte externer Links. F\u00fcr den Inhalt der verlinkten Seiten sind ausschlie\u00dflich deren Betreiber verantwortlich. &#8212;&#8212;&#8212;&#8212;&#8212;&#8212;&#8212;&#8212;&#8212;&#8212;&#8212;&#8212;&#8212;&#8212;&#8212;&#8212;&#8212;&#8212;&#8212;&#8212;&#8212;&#8212;&#8212;&#8212;&#8212;&#8212;&#8211; \u00a9 2001 &#8211; 2023\" \/>\n<meta property=\"og:url\" content=\"https:\/\/www.aklink.de\/wpak\/impressum\/\" \/>\n<meta property=\"og:site_name\" content=\"Andreas Klink\" \/>\n<meta property=\"article:modified_time\" content=\"2023-07-02T18:29:23+00:00\" \/>\n<meta name=\"twitter:card\" content=\"summary_large_image\" \/>\n<meta name=\"twitter:label1\" content=\"Gesch\u00e4tzte Lesezeit\" \/>\n\t<meta name=\"twitter:data1\" content=\"2\u00a0Minuten\" \/>\n<script type=\"application\/ld+json\" class=\"yoast-schema-graph\">{\"@context\":\"https:\/\/schema.org\",\"@graph\":[{\"@type\":\"WebPage\",\"@id\":\"https:\/\/www.aklink.de\/wpak\/impressum\/\",\"url\":\"https:\/\/www.aklink.de\/wpak\/impressum\/\",\"name\":\"Impressum | Andreas Klink\",\"isPartOf\":{\"@id\":\"http:\/\/www.aklink.de\/wpak\/#website\"},\"datePublished\":\"2011-04-23T23:29:43+00:00\",\"dateModified\":\"2023-07-02T18:29:23+00:00\",\"breadcrumb\":{\"@id\":\"https:\/\/www.aklink.de\/wpak\/impressum\/#breadcrumb\"},\"inLanguage\":\"de\",\"potentialAction\":[{\"@type\":\"ReadAction\",\"target\":[\"https:\/\/www.aklink.de\/wpak\/impressum\/\"]}]},{\"@type\":\"BreadcrumbList\",\"@id\":\"https:\/\/www.aklink.de\/wpak\/impressum\/#breadcrumb\",\"itemListElement\":[{\"@type\":\"ListItem\",\"position\":1,\"name\":\"Startseite\",\"item\":\"http:\/\/www.aklink.de\/wpak\/\"},{\"@type\":\"ListItem\",\"position\":2,\"name\":\"Impressum\"}]},{\"@type\":\"WebSite\",\"@id\":\"http:\/\/www.aklink.de\/wpak\/#website\",\"url\":\"http:\/\/www.aklink.de\/wpak\/\",\"name\":\"Andreas Klink\",\"description\":\"\",\"publisher\":{\"@id\":\"http:\/\/www.aklink.de\/wpak\/#\/schema\/person\/56e12f2c209b4947bd310bde790c9815\"},\"potentialAction\":[{\"@type\":\"SearchAction\",\"target\":{\"@type\":\"EntryPoint\",\"urlTemplate\":\"http:\/\/www.aklink.de\/wpak\/?s={search_term_string}\"},\"query-input\":{\"@type\":\"PropertyValueSpecification\",\"valueRequired\":true,\"valueName\":\"search_term_string\"}}],\"inLanguage\":\"de\"},{\"@type\":[\"Person\",\"Organization\"],\"@id\":\"http:\/\/www.aklink.de\/wpak\/#\/schema\/person\/56e12f2c209b4947bd310bde790c9815\",\"name\":\"ak\",\"logo\":{\"@id\":\"http:\/\/www.aklink.de\/wpak\/#\/schema\/person\/image\/\"},\"sameAs\":[\"http:\/\/www.aklink.de\"]}]}<\/script>\n<!-- \/ Yoast SEO plugin. -->","yoast_head_json":{"title":"Impressum | Andreas Klink","robots":{"index":"index","follow":"follow","max-snippet":"max-snippet:-1","max-image-preview":"max-image-preview:large","max-video-preview":"max-video-preview:-1"},"canonical":"https:\/\/www.aklink.de\/wpak\/impressum\/","og_locale":"de_DE","og_type":"article","og_title":"Impressum | Andreas Klink","og_description":"Dr. Andreas Klink Buschstr. 31a 45276 Essen Tel.: 0201-5147860 Fax: 0201-54502992 homepage: www.andreasklink.de email: andreas.klink@t-online.de &#8212;&#8212;&#8212;&#8212;&#8212;&#8212;&#8212;&#8212;&#8212;&#8212;&#8212;&#8212;&#8212;&#8212;&#8212;&#8212;&#8212;&#8212;&#8212;&#8212;&#8212;&#8212;&#8212;&#8212;&#8212;&#8212;&#8211; Inhaltlich Verantwortlicher gem\u00e4\u00df \u00a7 10 Absatz 3 MDStV: Dr. Andreas Klink (Anschrift wie oben) Haftungshinweis: Trotz sorgf\u00e4ltiger inhaltlicher Kontrolle \u00fcbernehmen wir keine Haftung f\u00fcr die Inhalte externer Links. F\u00fcr den Inhalt der verlinkten Seiten sind ausschlie\u00dflich deren Betreiber verantwortlich. &#8212;&#8212;&#8212;&#8212;&#8212;&#8212;&#8212;&#8212;&#8212;&#8212;&#8212;&#8212;&#8212;&#8212;&#8212;&#8212;&#8212;&#8212;&#8212;&#8212;&#8212;&#8212;&#8212;&#8212;&#8212;&#8212;&#8211; \u00a9 2001 &#8211; 2023","og_url":"https:\/\/www.aklink.de\/wpak\/impressum\/","og_site_name":"Andreas Klink","article_modified_time":"2023-07-02T18:29:23+00:00","twitter_card":"summary_large_image","twitter_misc":{"Gesch\u00e4tzte Lesezeit":"2\u00a0Minuten"},"schema":{"@context":"https:\/\/schema.org","@graph":[{"@type":"WebPage","@id":"https:\/\/www.aklink.de\/wpak\/impressum\/","url":"https:\/\/www.aklink.de\/wpak\/impressum\/","name":"Impressum | Andreas Klink","isPartOf":{"@id":"http:\/\/www.aklink.de\/wpak\/#website"},"datePublished":"2011-04-23T23:29:43+00:00","dateModified":"2023-07-02T18:29:23+00:00","breadcrumb":{"@id":"https:\/\/www.aklink.de\/wpak\/impressum\/#breadcrumb"},"inLanguage":"de","potentialAction":[{"@type":"ReadAction","target":["https:\/\/www.aklink.de\/wpak\/impressum\/"]}]},{"@type":"BreadcrumbList","@id":"https:\/\/www.aklink.de\/wpak\/impressum\/#breadcrumb","itemListElement":[{"@type":"ListItem","position":1,"name":"Startseite","item":"http:\/\/www.aklink.de\/wpak\/"},{"@type":"ListItem","position":2,"name":"Impressum"}]},{"@type":"WebSite","@id":"http:\/\/www.aklink.de\/wpak\/#website","url":"http:\/\/www.aklink.de\/wpak\/","name":"Andreas Klink","description":"","publisher":{"@id":"http:\/\/www.aklink.de\/wpak\/#\/schema\/person\/56e12f2c209b4947bd310bde790c9815"},"potentialAction":[{"@type":"SearchAction","target":{"@type":"EntryPoint","urlTemplate":"http:\/\/www.aklink.de\/wpak\/?s={search_term_string}"},"query-input":{"@type":"PropertyValueSpecification","valueRequired":true,"valueName":"search_term_string"}}],"inLanguage":"de"},{"@type":["Person","Organization"],"@id":"http:\/\/www.aklink.de\/wpak\/#\/schema\/person\/56e12f2c209b4947bd310bde790c9815","name":"ak","logo":{"@id":"http:\/\/www.aklink.de\/wpak\/#\/schema\/person\/image\/"},"sameAs":["http:\/\/www.aklink.de"]}]}},"_links":{"self":[{"href":"https:\/\/www.aklink.de\/wpak\/wp-json\/wp\/v2\/pages\/58","targetHints":{"allow":["GET"]}}],"collection":[{"href":"https:\/\/www.aklink.de\/wpak\/wp-json\/wp\/v2\/pages"}],"about":[{"href":"https:\/\/www.aklink.de\/wpak\/wp-json\/wp\/v2\/types\/page"}],"author":[{"embeddable":true,"href":"https:\/\/www.aklink.de\/wpak\/wp-json\/wp\/v2\/users\/1"}],"replies":[{"embeddable":true,"href":"https:\/\/www.aklink.de\/wpak\/wp-json\/wp\/v2\/comments?post=58"}],"version-history":[{"count":14,"href":"https:\/\/www.aklink.de\/wpak\/wp-json\/wp\/v2\/pages\/58\/revisions"}],"predecessor-version":[{"id":2732,"href":"https:\/\/www.aklink.de\/wpak\/wp-json\/wp\/v2\/pages\/58\/revisions\/2732"}],"wp:attachment":[{"href":"https:\/\/www.aklink.de\/wpak\/wp-json\/wp\/v2\/media?parent=58"}],"curies":[{"name":"wp","href":"https:\/\/api.w.org\/{rel}","templated":true}]}}