{"id":6,"date":"2011-04-16T22:23:19","date_gmt":"2011-04-16T22:23:19","guid":{"rendered":"http:\/\/www.aklink.de\/wpak\/?page_id=6"},"modified":"2012-07-23T21:23:05","modified_gmt":"2012-07-23T21:23:05","slug":"paarberatung","status":"publish","type":"page","link":"https:\/\/www.aklink.de\/wpak\/systemische-beratung\/paarberatung\/","title":{"rendered":"Paarberatung"},"content":{"rendered":"<p>In einer schnelllebigen Zeit bewegen sich Paare oftmals auf einem schmalen Grat. Echte Partnerschaft zu leben f\u00e4llt vielen schwerer als noch den eigenen Eltern. Wenn 2 Menschen zueinander kommen, dann entscheiden sie sich f\u00fcr etwas Gemeinsames. Und gleichzeitig bringen Sie ihre jeweilige Vergangenheit und Zukunftsw\u00fcnsche mit in das Gemeinsame hinein. Das kann zu unterschiedlichen Entwicklungen der Partner\/innen, zu Beziehungskrisen bis hin zu Trennungen f\u00fchren.<\/p>\n<p>Als Diplom-Psychologe und Systemischer Therapeut und Berater biete ich Ihnen professionelle Unterst\u00fctzung bei der Bew\u00e4ltigung von kleinen und gro\u00dfen Krisen &#8211; bis hin zur Mediation, wenn Trennung der einzige Ausweg zu sein scheint.<\/p>\n","protected":false},"excerpt":{"rendered":"<p>In einer schnelllebigen Zeit bewegen sich Paare oftmals auf einem schmalen Grat. Echte Partnerschaft zu leben f\u00e4llt vielen schwerer als noch den eigenen Eltern. Wenn 2 Menschen zueinander kommen, dann entscheiden sie sich f\u00fcr etwas Gemeinsames. Und gleichzeitig bringen Sie ihre jeweilige Vergangenheit und Zukunftsw\u00fcnsche mit in das Gemeinsame hinein. Das kann zu unterschiedlichen Entwicklungen der Partner\/innen, zu Beziehungskrisen bis<\/p>\n","protected":false},"author":1,"featured_media":0,"parent":28,"menu_order":2,"comment_status":"closed","ping_status":"open","template":"","meta":{"footnotes":""},"class_list":["post-6","page","type-page","status-publish","hentry"],"yoast_head":"<!-- This site is optimized with the Yoast SEO plugin v26.4 - https:\/\/yoast.com\/wordpress\/plugins\/seo\/ -->\n<title>Paarberatung | Andreas Klink<\/title>\n<meta name=\"robots\" content=\"index, follow, max-snippet:-1, max-image-preview:large, max-video-preview:-1\" \/>\n<link rel=\"canonical\" href=\"http:\/\/www.aklink.de\/wpak\/systemische-beratung\/paarberatung\/\" \/>\n<meta property=\"og:locale\" content=\"de_DE\" \/>\n<meta property=\"og:type\" content=\"article\" \/>\n<meta property=\"og:title\" content=\"Paarberatung | Andreas Klink\" \/>\n<meta property=\"og:description\" content=\"In einer schnelllebigen Zeit bewegen sich Paare oftmals auf einem schmalen Grat. Echte Partnerschaft zu leben f\u00e4llt vielen schwerer als noch den eigenen Eltern. Wenn 2 Menschen zueinander kommen, dann entscheiden sie sich f\u00fcr etwas Gemeinsames. Und gleichzeitig bringen Sie ihre jeweilige Vergangenheit und Zukunftsw\u00fcnsche mit in das Gemeinsame hinein. Das kann zu unterschiedlichen Entwicklungen der Partner\/innen, zu Beziehungskrisen bis\" \/>\n<meta property=\"og:url\" content=\"http:\/\/www.aklink.de\/wpak\/systemische-beratung\/paarberatung\/\" \/>\n<meta property=\"og:site_name\" content=\"Andreas Klink\" \/>\n<meta property=\"article:modified_time\" content=\"2012-07-23T21:23:05+00:00\" \/>\n<meta name=\"twitter:card\" content=\"summary_large_image\" \/>\n<meta name=\"twitter:label1\" content=\"Gesch\u00e4tzte Lesezeit\" \/>\n\t<meta name=\"twitter:data1\" content=\"1\u00a0Minute\" \/>\n<script type=\"application\/ld+json\" class=\"yoast-schema-graph\">{\"@context\":\"https:\/\/schema.org\",\"@graph\":[{\"@type\":\"WebPage\",\"@id\":\"http:\/\/www.aklink.de\/wpak\/systemische-beratung\/paarberatung\/\",\"url\":\"http:\/\/www.aklink.de\/wpak\/systemische-beratung\/paarberatung\/\",\"name\":\"Paarberatung | Andreas Klink\",\"isPartOf\":{\"@id\":\"http:\/\/www.aklink.de\/wpak\/#website\"},\"datePublished\":\"2011-04-16T22:23:19+00:00\",\"dateModified\":\"2012-07-23T21:23:05+00:00\",\"breadcrumb\":{\"@id\":\"http:\/\/www.aklink.de\/wpak\/systemische-beratung\/paarberatung\/#breadcrumb\"},\"inLanguage\":\"de\",\"potentialAction\":[{\"@type\":\"ReadAction\",\"target\":[\"http:\/\/www.aklink.de\/wpak\/systemische-beratung\/paarberatung\/\"]}]},{\"@type\":\"BreadcrumbList\",\"@id\":\"http:\/\/www.aklink.de\/wpak\/systemische-beratung\/paarberatung\/#breadcrumb\",\"itemListElement\":[{\"@type\":\"ListItem\",\"position\":1,\"name\":\"Startseite\",\"item\":\"http:\/\/www.aklink.de\/wpak\/\"},{\"@type\":\"ListItem\",\"position\":2,\"name\":\"Therapie und Beratung\",\"item\":\"http:\/\/www.aklink.de\/wpak\/systemische-beratung\/\"},{\"@type\":\"ListItem\",\"position\":3,\"name\":\"Paarberatung\"}]},{\"@type\":\"WebSite\",\"@id\":\"http:\/\/www.aklink.de\/wpak\/#website\",\"url\":\"http:\/\/www.aklink.de\/wpak\/\",\"name\":\"Andreas Klink\",\"description\":\"\",\"publisher\":{\"@id\":\"http:\/\/www.aklink.de\/wpak\/#\/schema\/person\/56e12f2c209b4947bd310bde790c9815\"},\"potentialAction\":[{\"@type\":\"SearchAction\",\"target\":{\"@type\":\"EntryPoint\",\"urlTemplate\":\"http:\/\/www.aklink.de\/wpak\/?s={search_term_string}\"},\"query-input\":{\"@type\":\"PropertyValueSpecification\",\"valueRequired\":true,\"valueName\":\"search_term_string\"}}],\"inLanguage\":\"de\"},{\"@type\":[\"Person\",\"Organization\"],\"@id\":\"http:\/\/www.aklink.de\/wpak\/#\/schema\/person\/56e12f2c209b4947bd310bde790c9815\",\"name\":\"ak\",\"logo\":{\"@id\":\"http:\/\/www.aklink.de\/wpak\/#\/schema\/person\/image\/\"},\"sameAs\":[\"http:\/\/www.aklink.de\"]}]}<\/script>\n<!-- \/ Yoast SEO plugin. -->","yoast_head_json":{"title":"Paarberatung | Andreas Klink","robots":{"index":"index","follow":"follow","max-snippet":"max-snippet:-1","max-image-preview":"max-image-preview:large","max-video-preview":"max-video-preview:-1"},"canonical":"http:\/\/www.aklink.de\/wpak\/systemische-beratung\/paarberatung\/","og_locale":"de_DE","og_type":"article","og_title":"Paarberatung | Andreas Klink","og_description":"In einer schnelllebigen Zeit bewegen sich Paare oftmals auf einem schmalen Grat. Echte Partnerschaft zu leben f\u00e4llt vielen schwerer als noch den eigenen Eltern. Wenn 2 Menschen zueinander kommen, dann entscheiden sie sich f\u00fcr etwas Gemeinsames. Und gleichzeitig bringen Sie ihre jeweilige Vergangenheit und Zukunftsw\u00fcnsche mit in das Gemeinsame hinein. Das kann zu unterschiedlichen Entwicklungen der Partner\/innen, zu Beziehungskrisen bis","og_url":"http:\/\/www.aklink.de\/wpak\/systemische-beratung\/paarberatung\/","og_site_name":"Andreas Klink","article_modified_time":"2012-07-23T21:23:05+00:00","twitter_card":"summary_large_image","twitter_misc":{"Gesch\u00e4tzte Lesezeit":"1\u00a0Minute"},"schema":{"@context":"https:\/\/schema.org","@graph":[{"@type":"WebPage","@id":"http:\/\/www.aklink.de\/wpak\/systemische-beratung\/paarberatung\/","url":"http:\/\/www.aklink.de\/wpak\/systemische-beratung\/paarberatung\/","name":"Paarberatung | Andreas Klink","isPartOf":{"@id":"http:\/\/www.aklink.de\/wpak\/#website"},"datePublished":"2011-04-16T22:23:19+00:00","dateModified":"2012-07-23T21:23:05+00:00","breadcrumb":{"@id":"http:\/\/www.aklink.de\/wpak\/systemische-beratung\/paarberatung\/#breadcrumb"},"inLanguage":"de","potentialAction":[{"@type":"ReadAction","target":["http:\/\/www.aklink.de\/wpak\/systemische-beratung\/paarberatung\/"]}]},{"@type":"BreadcrumbList","@id":"http:\/\/www.aklink.de\/wpak\/systemische-beratung\/paarberatung\/#breadcrumb","itemListElement":[{"@type":"ListItem","position":1,"name":"Startseite","item":"http:\/\/www.aklink.de\/wpak\/"},{"@type":"ListItem","position":2,"name":"Therapie und Beratung","item":"http:\/\/www.aklink.de\/wpak\/systemische-beratung\/"},{"@type":"ListItem","position":3,"name":"Paarberatung"}]},{"@type":"WebSite","@id":"http:\/\/www.aklink.de\/wpak\/#website","url":"http:\/\/www.aklink.de\/wpak\/","name":"Andreas Klink","description":"","publisher":{"@id":"http:\/\/www.aklink.de\/wpak\/#\/schema\/person\/56e12f2c209b4947bd310bde790c9815"},"potentialAction":[{"@type":"SearchAction","target":{"@type":"EntryPoint","urlTemplate":"http:\/\/www.aklink.de\/wpak\/?s={search_term_string}"},"query-input":{"@type":"PropertyValueSpecification","valueRequired":true,"valueName":"search_term_string"}}],"inLanguage":"de"},{"@type":["Person","Organization"],"@id":"http:\/\/www.aklink.de\/wpak\/#\/schema\/person\/56e12f2c209b4947bd310bde790c9815","name":"ak","logo":{"@id":"http:\/\/www.aklink.de\/wpak\/#\/schema\/person\/image\/"},"sameAs":["http:\/\/www.aklink.de"]}]}},"_links":{"self":[{"href":"https:\/\/www.aklink.de\/wpak\/wp-json\/wp\/v2\/pages\/6","targetHints":{"allow":["GET"]}}],"collection":[{"href":"https:\/\/www.aklink.de\/wpak\/wp-json\/wp\/v2\/pages"}],"about":[{"href":"https:\/\/www.aklink.de\/wpak\/wp-json\/wp\/v2\/types\/page"}],"author":[{"embeddable":true,"href":"https:\/\/www.aklink.de\/wpak\/wp-json\/wp\/v2\/users\/1"}],"replies":[{"embeddable":true,"href":"https:\/\/www.aklink.de\/wpak\/wp-json\/wp\/v2\/comments?post=6"}],"version-history":[{"count":8,"href":"https:\/\/www.aklink.de\/wpak\/wp-json\/wp\/v2\/pages\/6\/revisions"}],"predecessor-version":[{"id":35,"href":"https:\/\/www.aklink.de\/wpak\/wp-json\/wp\/v2\/pages\/6\/revisions\/35"}],"up":[{"embeddable":true,"href":"https:\/\/www.aklink.de\/wpak\/wp-json\/wp\/v2\/pages\/28"}],"wp:attachment":[{"href":"https:\/\/www.aklink.de\/wpak\/wp-json\/wp\/v2\/media?parent=6"}],"curies":[{"name":"wp","href":"https:\/\/api.w.org\/{rel}","templated":true}]}}