{"id":75,"date":"2011-04-24T00:01:39","date_gmt":"2011-04-24T00:01:39","guid":{"rendered":"http:\/\/www.aklink.de\/wpak\/?page_id=75"},"modified":"2011-04-24T01:15:10","modified_gmt":"2011-04-24T01:15:10","slug":"schule-und-studium","status":"publish","type":"page","link":"https:\/\/www.aklink.de\/wpak\/zur-person\/schule-und-studium\/","title":{"rendered":"Schule und Studium"},"content":{"rendered":"<ul>\n<li>1969 &#8211; 1973<br \/>\nGrundschule Am Morungenweg in Essen-Freisenbruch<\/li>\n<li>1973 &#8211; 1982<br \/>\nGymnasium Am Stoppenberg in Essen-Stoppenberg<\/li>\n<li>19.07.1982<br \/>\nZeugnis der allgemeinen Hochschulreife<\/li>\n<li>1984 &#8211; 1991<br \/>\nStudium der Psychologie an der Ruhr-Universit\u00e4t Bochum<\/li>\n<li>14.03.1991<br \/>\nAbschlu\u00df als Diplom-Psychologe<\/li>\n<li>10.05.1996<br \/>\nAbschlu\u00df des Promotionsverfahrens zum Doktor der Naturwissenschaften<br \/>\n(Dr. rer. nat.) am Fachbereich Psychologie der Philipps-Universit\u00e4t Marburg<\/li>\n<\/ul>\n<p>\ufeff<\/p>\n","protected":false},"excerpt":{"rendered":"<p>1969 &#8211; 1973 Grundschule Am Morungenweg in Essen-Freisenbruch 1973 &#8211; 1982 Gymnasium Am Stoppenberg in Essen-Stoppenberg 19.07.1982 Zeugnis der allgemeinen Hochschulreife 1984 &#8211; 1991 Studium der Psychologie an der Ruhr-Universit\u00e4t Bochum 14.03.1991 Abschlu\u00df als Diplom-Psychologe 10.05.1996 Abschlu\u00df des Promotionsverfahrens zum Doktor der Naturwissenschaften (Dr. rer. nat.) am Fachbereich Psychologie der Philipps-Universit\u00e4t Marburg \ufeff<\/p>\n","protected":false},"author":1,"featured_media":0,"parent":62,"menu_order":1,"comment_status":"closed","ping_status":"open","template":"","meta":{"footnotes":""},"class_list":["post-75","page","type-page","status-publish","hentry"],"yoast_head":"<!-- This site is optimized with the Yoast SEO plugin v26.4 - https:\/\/yoast.com\/wordpress\/plugins\/seo\/ -->\n<title>Schule und Studium | Andreas Klink<\/title>\n<meta name=\"robots\" content=\"index, follow, max-snippet:-1, max-image-preview:large, max-video-preview:-1\" \/>\n<link rel=\"canonical\" href=\"http:\/\/www.aklink.de\/wpak\/zur-person\/schule-und-studium\/\" \/>\n<meta property=\"og:locale\" content=\"de_DE\" \/>\n<meta property=\"og:type\" content=\"article\" \/>\n<meta property=\"og:title\" content=\"Schule und Studium | Andreas Klink\" \/>\n<meta property=\"og:description\" content=\"1969 &#8211; 1973 Grundschule Am Morungenweg in Essen-Freisenbruch 1973 &#8211; 1982 Gymnasium Am Stoppenberg in Essen-Stoppenberg 19.07.1982 Zeugnis der allgemeinen Hochschulreife 1984 &#8211; 1991 Studium der Psychologie an der Ruhr-Universit\u00e4t Bochum 14.03.1991 Abschlu\u00df als Diplom-Psychologe 10.05.1996 Abschlu\u00df des Promotionsverfahrens zum Doktor der Naturwissenschaften (Dr. rer. nat.) am Fachbereich Psychologie der Philipps-Universit\u00e4t Marburg \ufeff\" \/>\n<meta property=\"og:url\" content=\"http:\/\/www.aklink.de\/wpak\/zur-person\/schule-und-studium\/\" \/>\n<meta property=\"og:site_name\" content=\"Andreas Klink\" \/>\n<meta property=\"article:modified_time\" content=\"2011-04-24T01:15:10+00:00\" \/>\n<meta name=\"twitter:card\" content=\"summary_large_image\" \/>\n<script type=\"application\/ld+json\" class=\"yoast-schema-graph\">{\"@context\":\"https:\/\/schema.org\",\"@graph\":[{\"@type\":\"WebPage\",\"@id\":\"http:\/\/www.aklink.de\/wpak\/zur-person\/schule-und-studium\/\",\"url\":\"http:\/\/www.aklink.de\/wpak\/zur-person\/schule-und-studium\/\",\"name\":\"Schule und Studium | Andreas Klink\",\"isPartOf\":{\"@id\":\"http:\/\/www.aklink.de\/wpak\/#website\"},\"datePublished\":\"2011-04-24T00:01:39+00:00\",\"dateModified\":\"2011-04-24T01:15:10+00:00\",\"breadcrumb\":{\"@id\":\"http:\/\/www.aklink.de\/wpak\/zur-person\/schule-und-studium\/#breadcrumb\"},\"inLanguage\":\"de\",\"potentialAction\":[{\"@type\":\"ReadAction\",\"target\":[\"http:\/\/www.aklink.de\/wpak\/zur-person\/schule-und-studium\/\"]}]},{\"@type\":\"BreadcrumbList\",\"@id\":\"http:\/\/www.aklink.de\/wpak\/zur-person\/schule-und-studium\/#breadcrumb\",\"itemListElement\":[{\"@type\":\"ListItem\",\"position\":1,\"name\":\"Startseite\",\"item\":\"http:\/\/www.aklink.de\/wpak\/\"},{\"@type\":\"ListItem\",\"position\":2,\"name\":\"Zur Person\",\"item\":\"http:\/\/www.aklink.de\/wpak\/zur-person\/\"},{\"@type\":\"ListItem\",\"position\":3,\"name\":\"Schule und Studium\"}]},{\"@type\":\"WebSite\",\"@id\":\"http:\/\/www.aklink.de\/wpak\/#website\",\"url\":\"http:\/\/www.aklink.de\/wpak\/\",\"name\":\"Andreas Klink\",\"description\":\"\",\"publisher\":{\"@id\":\"http:\/\/www.aklink.de\/wpak\/#\/schema\/person\/56e12f2c209b4947bd310bde790c9815\"},\"potentialAction\":[{\"@type\":\"SearchAction\",\"target\":{\"@type\":\"EntryPoint\",\"urlTemplate\":\"http:\/\/www.aklink.de\/wpak\/?s={search_term_string}\"},\"query-input\":{\"@type\":\"PropertyValueSpecification\",\"valueRequired\":true,\"valueName\":\"search_term_string\"}}],\"inLanguage\":\"de\"},{\"@type\":[\"Person\",\"Organization\"],\"@id\":\"http:\/\/www.aklink.de\/wpak\/#\/schema\/person\/56e12f2c209b4947bd310bde790c9815\",\"name\":\"ak\",\"logo\":{\"@id\":\"http:\/\/www.aklink.de\/wpak\/#\/schema\/person\/image\/\"},\"sameAs\":[\"http:\/\/www.aklink.de\"]}]}<\/script>\n<!-- \/ Yoast SEO plugin. -->","yoast_head_json":{"title":"Schule und Studium | Andreas Klink","robots":{"index":"index","follow":"follow","max-snippet":"max-snippet:-1","max-image-preview":"max-image-preview:large","max-video-preview":"max-video-preview:-1"},"canonical":"http:\/\/www.aklink.de\/wpak\/zur-person\/schule-und-studium\/","og_locale":"de_DE","og_type":"article","og_title":"Schule und Studium | Andreas Klink","og_description":"1969 &#8211; 1973 Grundschule Am Morungenweg in Essen-Freisenbruch 1973 &#8211; 1982 Gymnasium Am Stoppenberg in Essen-Stoppenberg 19.07.1982 Zeugnis der allgemeinen Hochschulreife 1984 &#8211; 1991 Studium der Psychologie an der Ruhr-Universit\u00e4t Bochum 14.03.1991 Abschlu\u00df als Diplom-Psychologe 10.05.1996 Abschlu\u00df des Promotionsverfahrens zum Doktor der Naturwissenschaften (Dr. rer. nat.) am Fachbereich Psychologie der Philipps-Universit\u00e4t Marburg \ufeff","og_url":"http:\/\/www.aklink.de\/wpak\/zur-person\/schule-und-studium\/","og_site_name":"Andreas Klink","article_modified_time":"2011-04-24T01:15:10+00:00","twitter_card":"summary_large_image","schema":{"@context":"https:\/\/schema.org","@graph":[{"@type":"WebPage","@id":"http:\/\/www.aklink.de\/wpak\/zur-person\/schule-und-studium\/","url":"http:\/\/www.aklink.de\/wpak\/zur-person\/schule-und-studium\/","name":"Schule und Studium | Andreas Klink","isPartOf":{"@id":"http:\/\/www.aklink.de\/wpak\/#website"},"datePublished":"2011-04-24T00:01:39+00:00","dateModified":"2011-04-24T01:15:10+00:00","breadcrumb":{"@id":"http:\/\/www.aklink.de\/wpak\/zur-person\/schule-und-studium\/#breadcrumb"},"inLanguage":"de","potentialAction":[{"@type":"ReadAction","target":["http:\/\/www.aklink.de\/wpak\/zur-person\/schule-und-studium\/"]}]},{"@type":"BreadcrumbList","@id":"http:\/\/www.aklink.de\/wpak\/zur-person\/schule-und-studium\/#breadcrumb","itemListElement":[{"@type":"ListItem","position":1,"name":"Startseite","item":"http:\/\/www.aklink.de\/wpak\/"},{"@type":"ListItem","position":2,"name":"Zur Person","item":"http:\/\/www.aklink.de\/wpak\/zur-person\/"},{"@type":"ListItem","position":3,"name":"Schule und Studium"}]},{"@type":"WebSite","@id":"http:\/\/www.aklink.de\/wpak\/#website","url":"http:\/\/www.aklink.de\/wpak\/","name":"Andreas Klink","description":"","publisher":{"@id":"http:\/\/www.aklink.de\/wpak\/#\/schema\/person\/56e12f2c209b4947bd310bde790c9815"},"potentialAction":[{"@type":"SearchAction","target":{"@type":"EntryPoint","urlTemplate":"http:\/\/www.aklink.de\/wpak\/?s={search_term_string}"},"query-input":{"@type":"PropertyValueSpecification","valueRequired":true,"valueName":"search_term_string"}}],"inLanguage":"de"},{"@type":["Person","Organization"],"@id":"http:\/\/www.aklink.de\/wpak\/#\/schema\/person\/56e12f2c209b4947bd310bde790c9815","name":"ak","logo":{"@id":"http:\/\/www.aklink.de\/wpak\/#\/schema\/person\/image\/"},"sameAs":["http:\/\/www.aklink.de"]}]}},"_links":{"self":[{"href":"https:\/\/www.aklink.de\/wpak\/wp-json\/wp\/v2\/pages\/75","targetHints":{"allow":["GET"]}}],"collection":[{"href":"https:\/\/www.aklink.de\/wpak\/wp-json\/wp\/v2\/pages"}],"about":[{"href":"https:\/\/www.aklink.de\/wpak\/wp-json\/wp\/v2\/types\/page"}],"author":[{"embeddable":true,"href":"https:\/\/www.aklink.de\/wpak\/wp-json\/wp\/v2\/users\/1"}],"replies":[{"embeddable":true,"href":"https:\/\/www.aklink.de\/wpak\/wp-json\/wp\/v2\/comments?post=75"}],"version-history":[{"count":7,"href":"https:\/\/www.aklink.de\/wpak\/wp-json\/wp\/v2\/pages\/75\/revisions"}],"predecessor-version":[{"id":109,"href":"https:\/\/www.aklink.de\/wpak\/wp-json\/wp\/v2\/pages\/75\/revisions\/109"}],"up":[{"embeddable":true,"href":"https:\/\/www.aklink.de\/wpak\/wp-json\/wp\/v2\/pages\/62"}],"wp:attachment":[{"href":"https:\/\/www.aklink.de\/wpak\/wp-json\/wp\/v2\/media?parent=75"}],"curies":[{"name":"wp","href":"https:\/\/api.w.org\/{rel}","templated":true}]}}